{"id":7,"date":"2021-06-14T11:24:05","date_gmt":"2021-06-14T14:24:05","guid":{"rendered":"https:\/\/laes.ufpa.br\/?page_id=7"},"modified":"2024-03-14T15:13:41","modified_gmt":"2024-03-14T18:13:41","slug":"sobre","status":"publish","type":"page","link":"https:\/\/laes.ufpa.br\/index.php\/sobre\/","title":{"rendered":"Sobre"},"content":{"rendered":"\r\n\r\n\r\n<p>O Laborat\u00f3rio de Estudos Sociot\u00e9cnicos da Universidade Federal do Par\u00e1 \u00e9 um grupo de pesquisa na \u00e1rea de Sociologia da Tecnologia vinculado \u00e0 Faculdade de Ci\u00eancias Sociais e ao Programa de P\u00f3s-gradua\u00e7\u00e3o em Sociologia e Antropologia da Universidade Federal do Par\u00e1. Tem como objetivo produzir pesquisas cr\u00edticas sobre as rela\u00e7\u00f5es entre tecnologias digitais, sociedade e pol\u00edtica, bem como auxiliar na amplia\u00e7\u00e3o das discuss\u00f5es sobre ci\u00eancia, tecnologia e sociedade nas ci\u00eancias humanas, especialmente na Regi\u00e3o Norte do Brasil.<\/p>\r\n\r\n\r\n\r\n<p>Contato: laes@ufpa.br<\/p>\r\n","protected":false},"excerpt":{"rendered":"<p>O Laborat\u00f3rio de Estudos Sociot\u00e9cnicos da Universidade Federal do Par\u00e1 \u00e9 um grupo de pesquisa na \u00e1rea de Sociologia da Tecnologia vinculado \u00e0 Faculdade de Ci\u00eancias Sociais e ao Programa de P\u00f3s-gradua\u00e7\u00e3o em Sociologia e Antropologia da Universidade Federal do &hellip; <a href=\"https:\/\/laes.ufpa.br\/index.php\/sobre\/\">Continue lendo <span class=\"meta-nav\">&rarr;<\/span><\/a><\/p>\n","protected":false},"author":1,"featured_media":0,"parent":0,"menu_order":0,"comment_status":"closed","ping_status":"closed","template":"","meta":{"footnotes":""},"class_list":["post-7","page","type-page","status-publish","hentry"],"_links":{"self":[{"href":"https:\/\/laes.ufpa.br\/index.php\/wp-json\/wp\/v2\/pages\/7"}],"collection":[{"href":"https:\/\/laes.ufpa.br\/index.php\/wp-json\/wp\/v2\/pages"}],"about":[{"href":"https:\/\/laes.ufpa.br\/index.php\/wp-json\/wp\/v2\/types\/page"}],"author":[{"embeddable":true,"href":"https:\/\/laes.ufpa.br\/index.php\/wp-json\/wp\/v2\/users\/1"}],"replies":[{"embeddable":true,"href":"https:\/\/laes.ufpa.br\/index.php\/wp-json\/wp\/v2\/comments?post=7"}],"version-history":[{"count":8,"href":"https:\/\/laes.ufpa.br\/index.php\/wp-json\/wp\/v2\/pages\/7\/revisions"}],"predecessor-version":[{"id":244,"href":"https:\/\/laes.ufpa.br\/index.php\/wp-json\/wp\/v2\/pages\/7\/revisions\/244"}],"wp:attachment":[{"href":"https:\/\/laes.ufpa.br\/index.php\/wp-json\/wp\/v2\/media?parent=7"}],"curies":[{"name":"wp","href":"https:\/\/api.w.org\/{rel}","templated":true}]}}